{"id":1056,"date":"2022-10-01T10:53:53","date_gmt":"2022-10-01T08:53:53","guid":{"rendered":"https:\/\/haztupelicula.com\/areaprivada\/?page_id=1056"},"modified":"2022-10-01T11:29:54","modified_gmt":"2022-10-01T09:29:54","slug":"seguridad-y-proteccion-a-compradores","status":"publish","type":"page","link":"https:\/\/haztupelicula.com\/areaprivada\/seguridad-y-proteccion-a-compradores\/","title":{"rendered":"SEGURIDAD Y PROTECCI\u00d3N A COMPRADORES"},"content":{"rendered":"\n<p>Le garantizamos la m\u00e1xima seguridad en su pago y la confidencialidad de los datos. Todas las operaciones de pago se realizan a trav\u00e9s de un servidor seguro, basado en el Standard SSL (Secure Sockets Layer), que garantiza la total confidencialidad de los datos de tu tarjeta bancaria. Estos datos viajan encriptados en todo momento y s\u00f3lo con conocidos por el banco autorizador, sin que en ning\u00fan momento se guarden en nuestros servidores.<\/p>\n\n\n\n<p>Todos los pagos de las compras en www.haztupelicula.com se hacen a trav\u00e9s de Redsys con todos los sistemas de encriptaci\u00f3n y seguridad de transferencia de datos a trav\u00e9s del protocolo de seguridad SSL, por lo que el comprador gozar\u00e1 en todo momento con la protecci\u00f3n de estos canales.<\/p>\n","protected":false},"excerpt":{"rendered":"<p>Le garantizamos la m\u00e1xima seguridad en su pago y la confidencialidad de los datos. Todas las operaciones de pago se realizan a trav\u00e9s de un servidor seguro, basado en el Standard SSL (Secure Sockets Layer), que garantiza la total confidencialidad de los datos de tu tarjeta bancaria. Estos datos viajan encriptados en todo momento y [&hellip;]<\/p>\n","protected":false},"author":1,"featured_media":0,"parent":0,"menu_order":0,"comment_status":"closed","ping_status":"closed","template":"","meta":{"_bbp_topic_count":0,"_bbp_reply_count":0,"_bbp_total_topic_count":0,"_bbp_total_reply_count":0,"_bbp_voice_count":0,"_bbp_anonymous_reply_count":0,"_bbp_topic_count_hidden":0,"_bbp_reply_count_hidden":0,"_bbp_forum_subforum_count":0,"site-sidebar-layout":"default","site-content-layout":"","ast-site-content-layout":"default","site-content-style":"default","site-sidebar-style":"default","ast-global-header-display":"","ast-banner-title-visibility":"","ast-main-header-display":"","ast-hfb-above-header-display":"","ast-hfb-below-header-display":"","ast-hfb-mobile-header-display":"","site-post-title":"","ast-breadcrumbs-content":"","ast-featured-img":"","footer-sml-layout":"","ast-disable-related-posts":"","theme-transparent-header-meta":"","adv-header-id-meta":"","stick-header-meta":"","header-above-stick-meta":"","header-main-stick-meta":"","header-below-stick-meta":"","astra-migrate-meta-layouts":"default","ast-page-background-enabled":"default","ast-page-background-meta":{"desktop":{"background-color":"var(--ast-global-color-4)","background-image":"","background-repeat":"repeat","background-position":"center center","background-size":"auto","background-attachment":"scroll","background-type":"","background-media":"","overlay-type":"","overlay-color":"","overlay-opacity":"","overlay-gradient":""},"tablet":{"background-color":"","background-image":"","background-repeat":"repeat","background-position":"center center","background-size":"auto","background-attachment":"scroll","background-type":"","background-media":"","overlay-type":"","overlay-color":"","overlay-opacity":"","overlay-gradient":""},"mobile":{"background-color":"","background-image":"","background-repeat":"repeat","background-position":"center center","background-size":"auto","background-attachment":"scroll","background-type":"","background-media":"","overlay-type":"","overlay-color":"","overlay-opacity":"","overlay-gradient":""}},"ast-content-background-meta":{"desktop":{"background-color":"var(--ast-global-color-5)","background-image":"","background-repeat":"repeat","background-position":"center center","background-size":"auto","background-attachment":"scroll","background-type":"","background-media":"","overlay-type":"","overlay-color":"","overlay-opacity":"","overlay-gradient":""},"tablet":{"background-color":"var(--ast-global-color-5)","background-image":"","background-repeat":"repeat","background-position":"center center","background-size":"auto","background-attachment":"scroll","background-type":"","background-media":"","overlay-type":"","overlay-color":"","overlay-opacity":"","overlay-gradient":""},"mobile":{"background-color":"var(--ast-global-color-5)","background-image":"","background-repeat":"repeat","background-position":"center center","background-size":"auto","background-attachment":"scroll","background-type":"","background-media":"","overlay-type":"","overlay-color":"","overlay-opacity":"","overlay-gradient":""}},"footnotes":""},"class_list":["post-1056","page","type-page","status-publish","hentry"],"_links":{"self":[{"href":"https:\/\/haztupelicula.com\/areaprivada\/wp-json\/wp\/v2\/pages\/1056","targetHints":{"allow":["GET"]}}],"collection":[{"href":"https:\/\/haztupelicula.com\/areaprivada\/wp-json\/wp\/v2\/pages"}],"about":[{"href":"https:\/\/haztupelicula.com\/areaprivada\/wp-json\/wp\/v2\/types\/page"}],"author":[{"embeddable":true,"href":"https:\/\/haztupelicula.com\/areaprivada\/wp-json\/wp\/v2\/users\/1"}],"replies":[{"embeddable":true,"href":"https:\/\/haztupelicula.com\/areaprivada\/wp-json\/wp\/v2\/comments?post=1056"}],"version-history":[{"count":2,"href":"https:\/\/haztupelicula.com\/areaprivada\/wp-json\/wp\/v2\/pages\/1056\/revisions"}],"predecessor-version":[{"id":1070,"href":"https:\/\/haztupelicula.com\/areaprivada\/wp-json\/wp\/v2\/pages\/1056\/revisions\/1070"}],"wp:attachment":[{"href":"https:\/\/haztupelicula.com\/areaprivada\/wp-json\/wp\/v2\/media?parent=1056"}],"curies":[{"name":"wp","href":"https:\/\/api.w.org\/{rel}","templated":true}]}}