{"id":1059,"date":"2022-10-01T11:04:11","date_gmt":"2022-10-01T09:04:11","guid":{"rendered":"https:\/\/haztupelicula.com\/areaprivada\/?page_id=1059"},"modified":"2022-11-23T14:46:24","modified_gmt":"2022-11-23T13:46:24","slug":"aviso-legal","status":"publish","type":"page","link":"https:\/\/haztupelicula.com\/areaprivada\/aviso-legal\/","title":{"rendered":"Aviso legal"},"content":{"rendered":"\n<h4 class=\"wp-block-heading\" id=\"identificacin-y-titularidad\">Identificaci\u00f3n y Titularidad<\/h4>\n\n\n\n<p>En cumplimiento del art\u00edculo 10 de la Ley 34 \/ 2002, de 11 de julio, de Servicios de la Sociedad de la Informaci\u00f3n y Comercio Electr\u00f3nico, el Titular expone sus datos identificativos.<\/p>\n\n\n\n<ul class=\"wp-block-list\">\n<li><strong>Titular:<\/strong>&nbsp;P\u00f3pulos Films SL<\/li>\n\n\n\n<li><strong>Registro mercantil:<\/strong>&nbsp;&nbsp;Tomo 42835, folio 160, inscripci\u00f3n 1 con hoja M-757361<\/li>\n\n\n\n<li><strong>NIF:<\/strong>&nbsp;B67751503<\/li>\n\n\n\n<li><strong>Domicilio:&nbsp;<\/strong>Calle Higueras, 21 28223 Pozuelo de Alarc\u00f3n, Madrid<\/li>\n\n\n\n<li><strong>Correo electr\u00f3nico:<\/strong>&nbsp;info@haztupelicula.com<\/li>\n\n\n\n<li><strong>Sitio Web<\/strong>\u00a0<a href=\"https:\/\/www.haztupelicula.com\/\" target=\"_blank\" rel=\"noreferrer noopener\">https:\/\/www.haztupelicula.com\/<\/a><\/li>\n<\/ul>\n\n\n\n<p><\/p>\n\n\n\n<h4 class=\"wp-block-heading\" id=\"finalidad\">Finalidad<\/h4>\n\n\n\n<p>La finalidad del sitio Web https:\/\/www.haztupelicula.com\/ es&nbsp;la formaci\u00f3n de cineastas independientes.<\/p>\n\n\n\n<p><\/p>\n\n\n\n<h4 class=\"wp-block-heading\" id=\"condiciones-de-uso\">Condiciones de Uso<\/h4>\n\n\n\n<p>La utilizaci\u00f3n del sitio Web le otorga la condici\u00f3n de Usuario, e implica la aceptaci\u00f3n completa de todas las cl\u00e1usulas y condiciones de uso incluidas en las p\u00e1ginas:<\/p>\n\n\n\n<ul class=\"wp-block-list\">\n<li>Aviso Legal<\/li>\n\n\n\n<li>Pol\u00edtica de Privacidad<\/li>\n\n\n\n<li>Pol\u00edtica de Cookies<\/li>\n<\/ul>\n\n\n\n<p>Si no estuviera conforme con todas y cada una de estas cl\u00e1usulas y condiciones abst\u00e9ngase de utilizar este sitio Web.<\/p>\n\n\n\n<p>El acceso a este sitio Web no supone, en modo alguno, el inicio de una relaci\u00f3n comercial con el Titular.<\/p>\n\n\n\n<p>A trav\u00e9s de este sitio Web, el Titular le facilita el acceso y la utilizaci\u00f3n de diversos contenidos que el Titular o sus colaboradores han publicado por medio de Internet.<\/p>\n\n\n\n<p>A tal efecto, usted est\u00e1 obligado y comprometido a NO utilizar cualquiera de los contenidos del sitio Web con fines o efectos il\u00edcitos, prohibidos en este Aviso Legal o por la legislaci\u00f3n vigente, lesivos de los derechos e intereses de terceros, o que de cualquier forma puedan da\u00f1ar, inutilizar, sobrecargar, deteriorar o impedir la normal utilizaci\u00f3n de los contenidos, los equipos inform\u00e1ticos o los documentos, archivos y toda clase de contenidos almacenados en cualquier equipo inform\u00e1tico propios o contratados por el Titular, de otros usuarios o de cualquier usuario de Internet.<\/p>\n","protected":false},"excerpt":{"rendered":"<p>Identificaci\u00f3n y Titularidad En cumplimiento del art\u00edculo 10 de la Ley 34 \/ 2002, de 11 de julio, de Servicios de la Sociedad de la Informaci\u00f3n y Comercio Electr\u00f3nico, el Titular expone sus datos identificativos. Finalidad La finalidad del sitio Web https:\/\/www.haztupelicula.com\/ es&nbsp;la formaci\u00f3n de cineastas independientes. Condiciones de Uso La utilizaci\u00f3n del sitio Web [&hellip;]<\/p>\n","protected":false},"author":1,"featured_media":0,"parent":0,"menu_order":0,"comment_status":"closed","ping_status":"closed","template":"","meta":{"_bbp_topic_count":0,"_bbp_reply_count":0,"_bbp_total_topic_count":0,"_bbp_total_reply_count":0,"_bbp_voice_count":0,"_bbp_anonymous_reply_count":0,"_bbp_topic_count_hidden":0,"_bbp_reply_count_hidden":0,"_bbp_forum_subforum_count":0,"site-sidebar-layout":"default","site-content-layout":"","ast-site-content-layout":"default","site-content-style":"default","site-sidebar-style":"default","ast-global-header-display":"","ast-banner-title-visibility":"","ast-main-header-display":"","ast-hfb-above-header-display":"","ast-hfb-below-header-display":"","ast-hfb-mobile-header-display":"","site-post-title":"","ast-breadcrumbs-content":"","ast-featured-img":"","footer-sml-layout":"","ast-disable-related-posts":"","theme-transparent-header-meta":"","adv-header-id-meta":"","stick-header-meta":"","header-above-stick-meta":"","header-main-stick-meta":"","header-below-stick-meta":"","astra-migrate-meta-layouts":"default","ast-page-background-enabled":"default","ast-page-background-meta":{"desktop":{"background-color":"var(--ast-global-color-4)","background-image":"","background-repeat":"repeat","background-position":"center center","background-size":"auto","background-attachment":"scroll","background-type":"","background-media":"","overlay-type":"","overlay-color":"","overlay-opacity":"","overlay-gradient":""},"tablet":{"background-color":"","background-image":"","background-repeat":"repeat","background-position":"center center","background-size":"auto","background-attachment":"scroll","background-type":"","background-media":"","overlay-type":"","overlay-color":"","overlay-opacity":"","overlay-gradient":""},"mobile":{"background-color":"","background-image":"","background-repeat":"repeat","background-position":"center center","background-size":"auto","background-attachment":"scroll","background-type":"","background-media":"","overlay-type":"","overlay-color":"","overlay-opacity":"","overlay-gradient":""}},"ast-content-background-meta":{"desktop":{"background-color":"var(--ast-global-color-5)","background-image":"","background-repeat":"repeat","background-position":"center center","background-size":"auto","background-attachment":"scroll","background-type":"","background-media":"","overlay-type":"","overlay-color":"","overlay-opacity":"","overlay-gradient":""},"tablet":{"background-color":"var(--ast-global-color-5)","background-image":"","background-repeat":"repeat","background-position":"center center","background-size":"auto","background-attachment":"scroll","background-type":"","background-media":"","overlay-type":"","overlay-color":"","overlay-opacity":"","overlay-gradient":""},"mobile":{"background-color":"var(--ast-global-color-5)","background-image":"","background-repeat":"repeat","background-position":"center center","background-size":"auto","background-attachment":"scroll","background-type":"","background-media":"","overlay-type":"","overlay-color":"","overlay-opacity":"","overlay-gradient":""}},"footnotes":""},"class_list":["post-1059","page","type-page","status-publish","hentry"],"_links":{"self":[{"href":"https:\/\/haztupelicula.com\/areaprivada\/wp-json\/wp\/v2\/pages\/1059","targetHints":{"allow":["GET"]}}],"collection":[{"href":"https:\/\/haztupelicula.com\/areaprivada\/wp-json\/wp\/v2\/pages"}],"about":[{"href":"https:\/\/haztupelicula.com\/areaprivada\/wp-json\/wp\/v2\/types\/page"}],"author":[{"embeddable":true,"href":"https:\/\/haztupelicula.com\/areaprivada\/wp-json\/wp\/v2\/users\/1"}],"replies":[{"embeddable":true,"href":"https:\/\/haztupelicula.com\/areaprivada\/wp-json\/wp\/v2\/comments?post=1059"}],"version-history":[{"count":3,"href":"https:\/\/haztupelicula.com\/areaprivada\/wp-json\/wp\/v2\/pages\/1059\/revisions"}],"predecessor-version":[{"id":1832,"href":"https:\/\/haztupelicula.com\/areaprivada\/wp-json\/wp\/v2\/pages\/1059\/revisions\/1832"}],"wp:attachment":[{"href":"https:\/\/haztupelicula.com\/areaprivada\/wp-json\/wp\/v2\/media?parent=1059"}],"curies":[{"name":"wp","href":"https:\/\/api.w.org\/{rel}","templated":true}]}}