{"id":1521,"date":"2022-12-31T11:17:36","date_gmt":"2022-12-31T10:17:36","guid":{"rendered":"https:\/\/haztupelicula.com\/areaprivada\/?page_id=1521"},"modified":"2022-12-31T13:11:21","modified_gmt":"2022-12-31T12:11:21","slug":"gana-dinero-con-haztupelicula-com","status":"publish","type":"page","link":"https:\/\/haztupelicula.com\/areaprivada\/gana-dinero-con-haztupelicula-com\/","title":{"rendered":"GANA DINERO CON HAZTUPELICULA"},"content":{"rendered":"\n<p><a href=\"https:\/\/haztupelicula.com\/\" target=\"_blank\" rel=\"noreferrer noopener\">HAZTUPELICULA.COM<\/a> tiene como objetivo ofrecer una formaci\u00f3n accesible y de calidad para formar cineastas independientes de habla castellana. A trav\u00e9s del M\u00e9todo FILMEIKA<sup>\u00ae<\/sup> el alumnado obtiene los conocimientos y las herramientas necesarias para poder llevar a cabo sus proyectos de cine.<\/p>\n\n\n\n<p>Si tienes acceso a personas a las que les puede interesar convertirse en cineasta independiente, puedes ganar dinero a trav\u00e9s de tu afiliaci\u00f3n al proyecto y vendi\u00e9ndoles la formaci\u00f3n del M\u00e9todo FILMEIKA<sup>\u00ae<\/sup>. <strong>Obtendr\u00e1s el 30 %<\/strong> de las matr\u00edculas que se vendan con tu cup\u00f3n.<\/p>\n\n\n\n<p>El proceso de afiliaci\u00f3n y venta con <a target=\"_blank\" rel=\"noreferrer noopener\" href=\"https:\/\/haztupelicula.com\/\">HAZTUPELICULA.COM<\/a> funciona de la siguiente manera:<\/p>\n\n\n\n<ol class=\"wp-block-list\">\n<li>Rellena tu datos en el formulario de abajo.<\/li>\n\n\n\n<li>Te enviaremos un cup\u00f3n personalizado.<\/li>\n\n\n\n<li>Env\u00eda ese cup\u00f3n a tus contactos e ind\u00edcales que lo usen al realizar su compra, de forma que podamos detectar qui\u00e9n viene de tu parte.<\/li>\n\n\n\n<li>Como existe un periodo de prueba de 30 d\u00edas por parte del alumno, al final del mes posterior a la compra te ingresaremos el 30 % de las ventas que hayas realizado, tras la recepci\u00f3n de tu factura.<\/li>\n<\/ol>\n\n\n\n<p><\/p>\n\n\n\n<p>Si tienes alguna duda no dejes de comunic\u00e1rnosla a <a href=\"mailto:info@haztupelicula.com\" target=\"_blank\" rel=\"noreferrer noopener\">info@haztupelicula.com<\/a>.<\/p>\n\n\n\n<p>\u00a1Te esperamos!<\/p>\n\n\n\n<hr class=\"wp-block-separator has-alpha-channel-opacity\"\/>\n\n\n<div class=\"wpforms-container wpforms-container-full wpforms-block\" id=\"wpforms-1518\"><form id=\"wpforms-form-1518\" class=\"wpforms-validate wpforms-form wpforms-ajax-form\" data-formid=\"1518\" method=\"post\" enctype=\"multipart\/form-data\" action=\"\/areaprivada\/wp-json\/wp\/v2\/pages\/1521\" data-token=\"f8dd0102ae2113990d71ec1fe04d02f2\" data-token-time=\"1777049470\"><noscript class=\"wpforms-error-noscript\">Por favor, activa JavaScript en tu navegador para completar este formulario.<\/noscript><div class=\"wpforms-field-container\"><div id=\"wpforms-1518-field_0-container\" class=\"wpforms-field wpforms-field-name\" data-field-id=\"0\"><label class=\"wpforms-field-label\">Nombre <span class=\"wpforms-required-label\">*<\/span><\/label><div class=\"wpforms-field-row wpforms-field-medium\"><div class=\"wpforms-field-row-block wpforms-first wpforms-one-half\"><input type=\"text\" id=\"wpforms-1518-field_0\" class=\"wpforms-field-name-first wpforms-field-required\" name=\"wpforms[fields][0][first]\" required><label for=\"wpforms-1518-field_0\" class=\"wpforms-field-sublabel after\">Nombre<\/label><\/div><div class=\"wpforms-field-row-block wpforms-one-half\"><input type=\"text\" id=\"wpforms-1518-field_0-last\" class=\"wpforms-field-name-last wpforms-field-required\" name=\"wpforms[fields][0][last]\" required><label for=\"wpforms-1518-field_0-last\" class=\"wpforms-field-sublabel after\">Apellidos<\/label><\/div><\/div><\/div><div id=\"wpforms-1518-field_1-container\" class=\"wpforms-field wpforms-field-email\" data-field-id=\"1\"><label class=\"wpforms-field-label\" for=\"wpforms-1518-field_1\">Correo electr\u00f3nico <span class=\"wpforms-required-label\">*<\/span><\/label><input type=\"email\" id=\"wpforms-1518-field_1\" class=\"wpforms-field-medium wpforms-field-required\" name=\"wpforms[fields][1]\" spellcheck=\"false\" required><\/div><div id=\"wpforms-1518-field_2-container\" class=\"wpforms-field wpforms-field-textarea\" data-field-id=\"2\"><label class=\"wpforms-field-label\" for=\"wpforms-1518-field_2\">Comentario o mensaje<\/label><textarea id=\"wpforms-1518-field_2\" class=\"wpforms-field-medium\" name=\"wpforms[fields][2]\" ><\/textarea><\/div><\/div><!-- .wpforms-field-container --><div class=\"wpforms-submit-container\" ><input type=\"hidden\" name=\"wpforms[id]\" value=\"1518\"><input type=\"hidden\" name=\"page_title\" value=\"\"><input type=\"hidden\" name=\"page_url\" value=\"https:\/\/haztupelicula.com\/areaprivada\/wp-json\/wp\/v2\/pages\/1521\"><input type=\"hidden\" name=\"url_referer\" value=\"\"><button type=\"submit\" name=\"wpforms[submit]\" id=\"wpforms-submit-1518\" class=\"wpforms-submit\" data-alt-text=\"Enviando...\" data-submit-text=\"Enviar\" aria-live=\"assertive\" value=\"wpforms-submit\">Enviar<\/button><img loading=\"lazy\" decoding=\"async\" src=\"https:\/\/haztupelicula.com\/areaprivada\/wp-content\/plugins\/wpforms-lite\/assets\/images\/submit-spin.svg\" class=\"wpforms-submit-spinner\" style=\"display: none;\" width=\"26\" height=\"26\" alt=\"Cargando\"><\/div><\/form><\/div>  <!-- .wpforms-container -->\n\n\n<style>\nol, ul {\n    margin: 0 0 1.5em 3em !important;\n}\n<\/style>\n","protected":false},"excerpt":{"rendered":"<p>HAZTUPELICULA.COM tiene como objetivo ofrecer una formaci\u00f3n accesible y de calidad para formar cineastas independientes de habla castellana. A trav\u00e9s del M\u00e9todo FILMEIKA\u00ae el alumnado obtiene los conocimientos y las herramientas necesarias para poder llevar a cabo sus proyectos de cine. Si tienes acceso a personas a las que les puede interesar convertirse en cineasta [&hellip;]<\/p>\n","protected":false},"author":1,"featured_media":1537,"parent":0,"menu_order":0,"comment_status":"closed","ping_status":"closed","template":"","meta":{"_bbp_topic_count":0,"_bbp_reply_count":0,"_bbp_total_topic_count":0,"_bbp_total_reply_count":0,"_bbp_voice_count":0,"_bbp_anonymous_reply_count":0,"_bbp_topic_count_hidden":0,"_bbp_reply_count_hidden":0,"_bbp_forum_subforum_count":0,"site-sidebar-layout":"default","site-content-layout":"","ast-site-content-layout":"default","site-content-style":"default","site-sidebar-style":"default","ast-global-header-display":"","ast-banner-title-visibility":"","ast-main-header-display":"","ast-hfb-above-header-display":"","ast-hfb-below-header-display":"","ast-hfb-mobile-header-display":"","site-post-title":"","ast-breadcrumbs-content":"","ast-featured-img":"","footer-sml-layout":"","ast-disable-related-posts":"","theme-transparent-header-meta":"","adv-header-id-meta":"","stick-header-meta":"","header-above-stick-meta":"","header-main-stick-meta":"","header-below-stick-meta":"","astra-migrate-meta-layouts":"default","ast-page-background-enabled":"default","ast-page-background-meta":{"desktop":{"background-color":"var(--ast-global-color-4)","background-image":"","background-repeat":"repeat","background-position":"center center","background-size":"auto","background-attachment":"scroll","background-type":"","background-media":"","overlay-type":"","overlay-color":"","overlay-opacity":"","overlay-gradient":""},"tablet":{"background-color":"","background-image":"","background-repeat":"repeat","background-position":"center center","background-size":"auto","background-attachment":"scroll","background-type":"","background-media":"","overlay-type":"","overlay-color":"","overlay-opacity":"","overlay-gradient":""},"mobile":{"background-color":"","background-image":"","background-repeat":"repeat","background-position":"center center","background-size":"auto","background-attachment":"scroll","background-type":"","background-media":"","overlay-type":"","overlay-color":"","overlay-opacity":"","overlay-gradient":""}},"ast-content-background-meta":{"desktop":{"background-color":"var(--ast-global-color-5)","background-image":"","background-repeat":"repeat","background-position":"center center","background-size":"auto","background-attachment":"scroll","background-type":"","background-media":"","overlay-type":"","overlay-color":"","overlay-opacity":"","overlay-gradient":""},"tablet":{"background-color":"var(--ast-global-color-5)","background-image":"","background-repeat":"repeat","background-position":"center center","background-size":"auto","background-attachment":"scroll","background-type":"","background-media":"","overlay-type":"","overlay-color":"","overlay-opacity":"","overlay-gradient":""},"mobile":{"background-color":"var(--ast-global-color-5)","background-image":"","background-repeat":"repeat","background-position":"center center","background-size":"auto","background-attachment":"scroll","background-type":"","background-media":"","overlay-type":"","overlay-color":"","overlay-opacity":"","overlay-gradient":""}},"footnotes":""},"class_list":["post-1521","page","type-page","status-publish","has-post-thumbnail","hentry"],"_links":{"self":[{"href":"https:\/\/haztupelicula.com\/areaprivada\/wp-json\/wp\/v2\/pages\/1521","targetHints":{"allow":["GET"]}}],"collection":[{"href":"https:\/\/haztupelicula.com\/areaprivada\/wp-json\/wp\/v2\/pages"}],"about":[{"href":"https:\/\/haztupelicula.com\/areaprivada\/wp-json\/wp\/v2\/types\/page"}],"author":[{"embeddable":true,"href":"https:\/\/haztupelicula.com\/areaprivada\/wp-json\/wp\/v2\/users\/1"}],"replies":[{"embeddable":true,"href":"https:\/\/haztupelicula.com\/areaprivada\/wp-json\/wp\/v2\/comments?post=1521"}],"version-history":[{"count":4,"href":"https:\/\/haztupelicula.com\/areaprivada\/wp-json\/wp\/v2\/pages\/1521\/revisions"}],"predecessor-version":[{"id":1539,"href":"https:\/\/haztupelicula.com\/areaprivada\/wp-json\/wp\/v2\/pages\/1521\/revisions\/1539"}],"wp:featuredmedia":[{"embeddable":true,"href":"https:\/\/haztupelicula.com\/areaprivada\/wp-json\/wp\/v2\/media\/1537"}],"wp:attachment":[{"href":"https:\/\/haztupelicula.com\/areaprivada\/wp-json\/wp\/v2\/media?parent=1521"}],"curies":[{"name":"wp","href":"https:\/\/api.w.org\/{rel}","templated":true}]}}